{"id":307,"date":"2013-05-10T08:40:41","date_gmt":"2013-05-10T08:40:41","guid":{"rendered":"http:\/\/sabine.stoffer.ch\/wordpress\/?page_id=307"},"modified":"2026-04-17T17:28:42","modified_gmt":"2026-04-17T17:28:42","slug":"media","status":"publish","type":"page","link":"https:\/\/sabine.stoffer.ch\/wordpress\/?page_id=307","title":{"rendered":"Media"},"content":{"rendered":"<p>Zusammen mit Eva Za\u00efcik und dem Ensemble Il Caravaggio unter der Leitung von Camille Delaforge 2025 im Rahmen des Festivals Singer-Polignac.<\/p>\n<p><iframe loading=\"lazy\" title=\"Vivaldi - Cessate, Omai Cessate, RV 684 &quot;Nell\u2019orrido albergo&quot; - Eva Za\u00efcik, Il Caravaggio\" width=\"584\" height=\"329\" src=\"https:\/\/www.youtube.com\/embed\/vGFpoYtlrCI?feature=oembed\" frameborder=\"0\" allow=\"accelerometer; autoplay; clipboard-write; encrypted-media; gyroscope; picture-in-picture; web-share\" referrerpolicy=\"strict-origin-when-cross-origin\" allowfullscreen><\/iframe><\/p>\n<p>Sabine Stoffer als Solistin (Violine II) in der Produktion &#8218;4 Saisons dans\u00e9es&#8216; in Antonio Vivaldis Concerto in h-moll f\u00fcr 4 Violinen aus L&#8217;Estro Armonico mit Le Concert de la Loge.<\/p>\n<p><iframe loading=\"lazy\" title=\"Vivaldi, 4 Saisons danse\u0301es, Mourad Merzouki\/Julien Chauvin, Concerto pour 4 violons - Allegro\" width=\"584\" height=\"329\" src=\"https:\/\/www.youtube.com\/embed\/863JrkTiec8?feature=oembed\" frameborder=\"0\" allow=\"accelerometer; autoplay; clipboard-write; encrypted-media; gyroscope; picture-in-picture; web-share\" referrerpolicy=\"strict-origin-when-cross-origin\" allowfullscreen><\/iframe><\/p>\n<p>&nbsp;<\/p>\n<p>Mozarts Requiem in einem Konzert im Oktober 2023 am Festival d&#8217;Ambronay. Unter der Leitung von Julien Chauvin spielte Le Concert de la Loge mit Sabine Stoffer als Konzertmeisterin.<\/p>\n<p><iframe loading=\"lazy\" title=\"Mozart: Requiem in D minor, K. 626 | Julien Chauvin &amp; Le Concert de la Loge\" width=\"584\" height=\"329\" src=\"https:\/\/www.youtube.com\/embed\/Gy0u8g9balM?feature=oembed\" frameborder=\"0\" allow=\"accelerometer; autoplay; clipboard-write; encrypted-media; gyroscope; picture-in-picture; web-share\" referrerpolicy=\"strict-origin-when-cross-origin\" allowfullscreen><\/iframe><\/p>\n<p>&nbsp;<\/p>\n<p>Julien Chauvin und Le Concert de la Loge feiern Vivaldi und Mozart im ber\u00fchmten Cour Marly des Louvres. Die Mezzosopranistin Marina Viotti und der Bratschist Amihai Grosz treten als SolistInnen auf: <a href=\"https:\/\/www.youtube.com\/watch?v=vdrfXjhfJt8\" target=\"_blank\" rel=\"noopener\">Video<\/a><\/p>\n<p>&nbsp;<\/p>\n<p>Niel Gows &#8218;Lament for his second wife&#8216; mit Sabine Stoffer und Masako Art (The Poker Band Club), erschienen, 2020 bei BIS.<\/p>\n<p><iframe loading=\"lazy\" title=\"Lament for His Second Wife\" width=\"584\" height=\"438\" src=\"https:\/\/www.youtube.com\/embed\/G6yRsw0khpo?list=OLAK5uy_lPM-LZlDehRM1jVL23AkDrFkeHoN1Iqvo\" frameborder=\"0\" allow=\"accelerometer; autoplay; clipboard-write; encrypted-media; gyroscope; picture-in-picture; web-share\" referrerpolicy=\"strict-origin-when-cross-origin\" allowfullscreen><\/iframe><\/p>\n<p><span class=\"d2edcug0 hpfvmrgz qv66sw1b c1et5uql gk29lw5a a8c37x1j keod5gw0 nxhoafnm aigsh9s9 d9wwppkn fe6kdd0r mau55g9w c8b282yb hrzyx87i jq4qci2q a3bd9o3v knj5qynh oo9gr5id hzawbc8m\" dir=\"auto\">Der Teaser zur Doppel-CD &#8222;Harmonia Artificioso-Ariosa&#8220; (H.I.F. Biber) mit Les Passions de l&#8217;Ame. Meret L\u00fcthi und Sabine Stoffer spielen die Sologeigen.<\/span><\/p>\n<p><iframe loading=\"lazy\" title=\"Pinball with Biber by Les Passions de l&#039;Ame\" width=\"584\" height=\"329\" src=\"https:\/\/www.youtube.com\/embed\/gxWX-E9QiSs?feature=oembed\" frameborder=\"0\" allow=\"accelerometer; autoplay; clipboard-write; encrypted-media; gyroscope; picture-in-picture; web-share\" referrerpolicy=\"strict-origin-when-cross-origin\" allowfullscreen><\/iframe><\/p>\n<p>\u2018Variety \u2013 The Art of Variation\u2019 with Les Passions de l\u2019Ame (Sony Switzerland)<\/p>\n<p><iframe loading=\"lazy\" title=\"Harmonia artificioso-ariosa, Partia V in G Minor, C 66: II. Aria - Adagio\" width=\"584\" height=\"329\" src=\"https:\/\/www.youtube.com\/embed\/09hofKyX11w?feature=oembed\" frameborder=\"0\" allow=\"accelerometer; autoplay; clipboard-write; encrypted-media; gyroscope; picture-in-picture; web-share\" referrerpolicy=\"strict-origin-when-cross-origin\" allowfullscreen><\/iframe><\/p>\n<p><iframe loading=\"lazy\" title=\"Harmonia artificioso-ariosa, Partia V in G Minor, C 66: III. Balletto. Presto (Jazzed Up -...\" width=\"584\" height=\"329\" src=\"https:\/\/www.youtube.com\/embed\/alKi8simEM4?feature=oembed\" frameborder=\"0\" allow=\"accelerometer; autoplay; clipboard-write; encrypted-media; gyroscope; picture-in-picture; web-share\" referrerpolicy=\"strict-origin-when-cross-origin\" allowfullscreen><\/iframe><\/p>\n<p>&nbsp;<\/p>\n<p>Mit The Theatre of the Ears, Juli 2017:<\/p>\n<p><iframe loading=\"lazy\" title=\"THE THEATRE OF THE EARS Phantasticus\" width=\"584\" height=\"329\" src=\"https:\/\/www.youtube.com\/embed\/9-5FuUdb_yQ?feature=oembed\" frameborder=\"0\" allow=\"accelerometer; autoplay; clipboard-write; encrypted-media; gyroscope; picture-in-picture; web-share\" referrerpolicy=\"strict-origin-when-cross-origin\" allowfullscreen><\/iframe><\/p>\n<p>Mit Magdalena Hasibeder (Cembalo), Oktober 2014:<\/p>\n<p><iframe loading=\"lazy\" title=\"Arcangelo Corelli - Sonata op.5 Nr.5, Adagio\" width=\"584\" height=\"329\" src=\"https:\/\/www.youtube.com\/embed\/t_ygCdGg8fE?feature=oembed\" frameborder=\"0\" allow=\"accelerometer; autoplay; clipboard-write; encrypted-media; gyroscope; picture-in-picture; web-share\" referrerpolicy=\"strict-origin-when-cross-origin\" allowfullscreen><\/iframe><\/p>\n<p>Mit Rachel Podger, Bojan \u010ci\u010di\u0107, Johannes Pramsohler und Brecon Baroque:<\/p>\n<p><iframe loading=\"lazy\" title=\"Rachel Podger &amp; Jonathan Freeman-Attwood about Vivaldi&#039;s &quot;L&#039;Estro Armonico&quot; Op. 3\" width=\"584\" height=\"329\" src=\"https:\/\/www.youtube.com\/embed\/S_aBZyeW2_4?start=319&#038;feature=oembed\" frameborder=\"0\" allow=\"accelerometer; autoplay; clipboard-write; encrypted-media; gyroscope; picture-in-picture; web-share\" referrerpolicy=\"strict-origin-when-cross-origin\" allowfullscreen><\/iframe><\/p>\n<p>Mit Magdalena Hasibeder (Orgel), Juni 2015:<\/p>\n<p><iframe loading=\"lazy\" title=\"Biagio Marini, Sonata quarta per il Violino solo per sonar con due Corde (1629)\" width=\"584\" height=\"329\" src=\"https:\/\/www.youtube.com\/embed\/p88thuao_vQ?feature=oembed\" frameborder=\"0\" allow=\"accelerometer; autoplay; clipboard-write; encrypted-media; gyroscope; picture-in-picture; web-share\" referrerpolicy=\"strict-origin-when-cross-origin\" allowfullscreen><\/iframe><\/p>\n<p>Mit Alice Borciani (Sopran), Maria Ferr\u00e9 (Theorbe) und Magdalena Hasibeder (Orgel):<\/p>\n<p><iframe loading=\"lazy\" title=\"G. Frescobaldi, Se l\u00b4aura spira tutta vezzosa\" width=\"584\" height=\"329\" src=\"https:\/\/www.youtube.com\/embed\/PyvZ7mL7vSc?feature=oembed\" frameborder=\"0\" allow=\"accelerometer; autoplay; clipboard-write; encrypted-media; gyroscope; picture-in-picture; web-share\" referrerpolicy=\"strict-origin-when-cross-origin\" allowfullscreen><\/iframe><\/p>\n<p>&nbsp;<\/p>\n<p>Mit Ensemble Meridiana, Mai 2011:<\/p>\n<p><iframe loading=\"lazy\" title=\"Telemann: Trio in b minor, TWV 42:h6\" width=\"584\" height=\"329\" src=\"https:\/\/www.youtube.com\/embed\/5fWclYeKgas?feature=oembed\" frameborder=\"0\" allow=\"accelerometer; autoplay; clipboard-write; encrypted-media; gyroscope; picture-in-picture; web-share\" referrerpolicy=\"strict-origin-when-cross-origin\" allowfullscreen><\/iframe><\/p>\n<p><iframe loading=\"lazy\" title=\"Prowo: Trio in D minor (TWV 42:d10)\" width=\"584\" height=\"438\" src=\"https:\/\/www.youtube.com\/embed\/VXEFezPijbw?feature=oembed\" frameborder=\"0\" allow=\"accelerometer; autoplay; clipboard-write; encrypted-media; gyroscope; picture-in-picture; web-share\" referrerpolicy=\"strict-origin-when-cross-origin\" allowfullscreen><\/iframe><\/p>\n<p>Mit Les Passions de l&#8217;Ame:<\/p>\n<p>https:\/\/www.youtube.com\/watch?v=taF1ZvrybqI<\/p>","protected":false},"excerpt":{"rendered":"<p>Zusammen mit Eva Za\u00efcik und dem Ensemble Il Caravaggio unter der Leitung von Camille Delaforge 2025 im Rahmen des Festivals Singer-Polignac. Sabine Stoffer als Solistin (Violine II) in der Produktion &#8218;4 Saisons dans\u00e9es&#8216; in Antonio Vivaldis Concerto in h-moll f\u00fcr &hellip; <a href=\"https:\/\/sabine.stoffer.ch\/wordpress\/?page_id=307\">Weiterlesen <span class=\"meta-nav\">&rarr;<\/span><\/a><\/p>\n","protected":false},"author":1,"featured_media":0,"parent":0,"menu_order":8,"comment_status":"closed","ping_status":"closed","template":"sidebar-page.php","meta":{"footnotes":""},"class_list":["post-307","page","type-page","status-publish","hentry"],"_links":{"self":[{"href":"https:\/\/sabine.stoffer.ch\/wordpress\/index.php?rest_route=\/wp\/v2\/pages\/307","targetHints":{"allow":["GET"]}}],"collection":[{"href":"https:\/\/sabine.stoffer.ch\/wordpress\/index.php?rest_route=\/wp\/v2\/pages"}],"about":[{"href":"https:\/\/sabine.stoffer.ch\/wordpress\/index.php?rest_route=\/wp\/v2\/types\/page"}],"author":[{"embeddable":true,"href":"https:\/\/sabine.stoffer.ch\/wordpress\/index.php?rest_route=\/wp\/v2\/users\/1"}],"replies":[{"embeddable":true,"href":"https:\/\/sabine.stoffer.ch\/wordpress\/index.php?rest_route=%2Fwp%2Fv2%2Fcomments&post=307"}],"version-history":[{"count":37,"href":"https:\/\/sabine.stoffer.ch\/wordpress\/index.php?rest_route=\/wp\/v2\/pages\/307\/revisions"}],"predecessor-version":[{"id":1174,"href":"https:\/\/sabine.stoffer.ch\/wordpress\/index.php?rest_route=\/wp\/v2\/pages\/307\/revisions\/1174"}],"wp:attachment":[{"href":"https:\/\/sabine.stoffer.ch\/wordpress\/index.php?rest_route=%2Fwp%2Fv2%2Fmedia&parent=307"}],"curies":[{"name":"wp","href":"https:\/\/api.w.org\/{rel}","templated":true}]}}