{"id":382,"date":"2014-01-21T13:59:37","date_gmt":"2014-01-21T13:59:37","guid":{"rendered":"http:\/\/sabine.stoffer.ch\/wordpress\/?page_id=382"},"modified":"2020-02-25T14:33:22","modified_gmt":"2020-02-25T14:33:22","slug":"projekte","status":"publish","type":"page","link":"https:\/\/sabine.stoffer.ch\/wordpress\/?page_id=382","title":{"rendered":"Projekte"},"content":{"rendered":"<p><\/p>\n<h1 style=\"text-align: center;\">Ensemble Libro I<\/h1>\n<h6 style=\"text-align: center;\"><img loading=\"lazy\" decoding=\"async\" class=\"aligncenter wp-image-651\" src=\"https:\/\/sabine.stoffer.ch\/wordpress\/wp-content\/uploads\/2018\/04\/IMG_0493-Kopie.jpg\" alt=\"\" width=\"291\" height=\"194\" srcset=\"https:\/\/sabine.stoffer.ch\/wordpress\/wp-content\/uploads\/2018\/04\/IMG_0493-Kopie.jpg 6000w, https:\/\/sabine.stoffer.ch\/wordpress\/wp-content\/uploads\/2018\/04\/IMG_0493-Kopie-300x200.jpg 300w, https:\/\/sabine.stoffer.ch\/wordpress\/wp-content\/uploads\/2018\/04\/IMG_0493-Kopie-768x512.jpg 768w, https:\/\/sabine.stoffer.ch\/wordpress\/wp-content\/uploads\/2018\/04\/IMG_0493-Kopie-1024x683.jpg 1024w, https:\/\/sabine.stoffer.ch\/wordpress\/wp-content\/uploads\/2018\/04\/IMG_0493-Kopie-450x300.jpg 450w\" sizes=\"auto, (max-width: 291px) 100vw, 291px\" \/><\/h6>\n<h6 style=\"text-align: center;\">Sabine Stoffer, Barockvioline &amp; Alex McCartney, Theorbe<\/h6>\n<h6 style=\"text-align: center;\"><a href=\"http:\/\/libroprimo.com\" target=\"_blank\" rel=\"noopener noreferrer\">www.libroprimo.com<\/a><\/h6>\n<h6 style=\"text-align: center;\">(Foto: Alex McCartney)<\/h6>\n<p>&nbsp;<\/p>\n<p style=\"text-align: center;\"><em>&#8218;They revel in the violin\u2019s power to simulate the human voice, a power that Stoffer raises to ecstatic heights. In slow movements, she leans lightly on long-held notes to make them moan and sigh or ululate with vibrato; on low, grainy notes, her violin growls; and she dashes and skitters through compressed flurries of virtuosic figures. Meanwhile, McCartney virtually shreds his accompaniments with fervent plucking and percussive strumming.&#8216;<\/em> (The New Yorker, 13.Juni 2018)<\/p>\n<p>&nbsp;<\/p>\n<h1 style=\"text-align: center;\">Ensemble\u00a0Otium<\/h1>\n<p style=\"text-align: center;\"><img loading=\"lazy\" decoding=\"async\" class=\"aligncenter wp-image-770\" src=\"https:\/\/sabine.stoffer.ch\/wordpress\/wp-content\/uploads\/2018\/11\/Otium-196-3-1024x683.jpg\" alt=\"\" width=\"291\" height=\"194\" srcset=\"https:\/\/sabine.stoffer.ch\/wordpress\/wp-content\/uploads\/2018\/11\/Otium-196-3-1024x683.jpg 1024w, https:\/\/sabine.stoffer.ch\/wordpress\/wp-content\/uploads\/2018\/11\/Otium-196-3-300x200.jpg 300w, https:\/\/sabine.stoffer.ch\/wordpress\/wp-content\/uploads\/2018\/11\/Otium-196-3-768x512.jpg 768w, https:\/\/sabine.stoffer.ch\/wordpress\/wp-content\/uploads\/2018\/11\/Otium-196-3-450x300.jpg 450w\" sizes=\"auto, (max-width: 291px) 100vw, 291px\" \/><\/p>\n<h6 style=\"text-align: center;\">Sabine Stoffer, Barockvioline<\/h6>\n<h6 style=\"text-align: center;\">Pierre-Augustin Lay, Barockcello<\/h6>\n<h6 style=\"text-align: center;\">(Foto: Marco Finsterwald)<\/h6>\n<p>&nbsp;<\/p>\n<p style=\"text-align: center;\">Der lateinische Begriff Otium im Sinne sch\u00f6pferischer Musse, ein kreativer Raum, eine Zeit der Windstille, dem ruhigen Studium gewidmet \u2013 ein Gedanke, der uns inspirierte und dem Ensemble Otium den Namen gegeben hat.\u00a0Die beiden Musiker Sabine Stoffer (Barockvioline) und Pierre &#8211; Augustin Lay (Barockcello) bilden den Kern des Ensembles und laden f\u00fcr verschiedene Programme befreundete Musiker ein, mit denen sie sich in Ruhe und Tiefe den Werken widmen.<\/p>\n<p style=\"text-align: center;\">F\u00fcr Otium I mit Musik des Seicento arbeiten sie mit der Harfenistin Vera Schnider und dem Violonespieler Fred Uhlig zusammen. Otium II f\u00fchrt sie zusammen mit der Bratschistin Marie Legendre in die Klassik und Otium III ist eine Koproduktion mit dem Ensemble Libro Primo, in welchem die Geigerin sonst als Duo mit dem Lautenisten Alex McCartney musiziert.\u00a0Alle Musiker sind Spezialisten der historischen Auff\u00fchrungspraxis, sie versuchen also nicht nur den alten Begriff der Mu\u00dfe, sondern auch die Alte Musik authentisch wiederaufleben zu lassen.<\/p>\n<p>&nbsp;<\/p>\n<h1 style=\"text-align: center;\">Ensemble Il Quadrifoglio<\/h1>\n<p style=\"text-align: center;\"><img loading=\"lazy\" decoding=\"async\" class=\"aligncenter wp-image-853 size-medium\" src=\"https:\/\/sabine.stoffer.ch\/wordpress\/wp-content\/uploads\/2020\/02\/Quadrifolio-2-300x200.jpg\" alt=\"\" width=\"300\" height=\"200\" srcset=\"https:\/\/sabine.stoffer.ch\/wordpress\/wp-content\/uploads\/2020\/02\/Quadrifolio-2-300x200.jpg 300w, https:\/\/sabine.stoffer.ch\/wordpress\/wp-content\/uploads\/2020\/02\/Quadrifolio-2-1024x683.jpg 1024w, https:\/\/sabine.stoffer.ch\/wordpress\/wp-content\/uploads\/2020\/02\/Quadrifolio-2-768x512.jpg 768w, https:\/\/sabine.stoffer.ch\/wordpress\/wp-content\/uploads\/2020\/02\/Quadrifolio-2-1536x1025.jpg 1536w, https:\/\/sabine.stoffer.ch\/wordpress\/wp-content\/uploads\/2020\/02\/Quadrifolio-2-450x300.jpg 450w, https:\/\/sabine.stoffer.ch\/wordpress\/wp-content\/uploads\/2020\/02\/Quadrifolio-2.jpg 2000w\" sizes=\"auto, (max-width: 300px) 100vw, 300px\" \/>Alice Borciani, Sopran<br \/>\nSabine Stoffer, Violine<br \/>\nMaria Ferr\u00e9, Theorbe<br \/>\nMagdalena Hasibeder, Cembalo\/Orgel<\/p>\n<p style=\"text-align: center;\">(Foto: Martin Rainer)<\/p>\n<h6 style=\"text-align: center;\"><\/h6>\n<p>&nbsp;<\/p>\n<h1 style=\"text-align: center;\">The Poker Club Band<\/h1>\n<h6 style=\"text-align: center;\"><a href=\"https:\/\/sabine.stoffer.ch\/wordpress\/wp-content\/uploads\/2016\/03\/Masako.29.July_.15-10.jpg\"><img loading=\"lazy\" decoding=\"async\" class=\" wp-image-564 aligncenter\" src=\"https:\/\/sabine.stoffer.ch\/wordpress\/wp-content\/uploads\/2014\/01\/IMG_3763.jpeg\" alt=\"IMG_3763\" width=\"394\" height=\"271\" \/><\/a>\u00a0James Graham, voice<\/h6>\n<h6 style=\"text-align: center;\">Sabine Stoffer, violin<\/h6>\n<h6 style=\"text-align: center;\">Pierre-Augustin Lay, cello<\/h6>\n<h6 style=\"text-align: center;\">Masako Art, harp<\/h6>\n<h6 style=\"text-align: center;\">Edin Karamazov, guitar<\/h6>\n<h6 style=\"text-align: center;\"><a href=\"http:\/\/www.thepokerclubband.com\" target=\"_blank\" rel=\"noopener noreferrer\">www.thepokerclubband.com<\/a><\/h6>\n<h6 style=\"text-align: center;\">(Foto: Sven Schwannberger)<\/h6>\n<p>&nbsp;<\/p>\n<h1 style=\"text-align: center;\">Dance macabre<\/h1>\n<p><a href=\"https:\/\/sabine.stoffer.ch\/wordpress\/wp-content\/uploads\/2014\/01\/20120227_SabineStoffer-0008-6.jpg\"><img loading=\"lazy\" decoding=\"async\" class=\"aligncenter size-medium wp-image-398\" title=\"20120227_SabineStoffer 0008 6\" src=\"https:\/\/sabine.stoffer.ch\/wordpress\/wp-content\/uploads\/2014\/01\/20120227_SabineStoffer-0008-6-199x300.jpg\" alt=\"\" width=\"199\" height=\"300\" srcset=\"https:\/\/sabine.stoffer.ch\/wordpress\/wp-content\/uploads\/2014\/01\/20120227_SabineStoffer-0008-6-199x300.jpg 199w, https:\/\/sabine.stoffer.ch\/wordpress\/wp-content\/uploads\/2014\/01\/20120227_SabineStoffer-0008-6.jpg 533w\" sizes=\"auto, (max-width: 199px) 100vw, 199px\" \/><\/a><\/p>\n<h6 style=\"text-align: center;\">Konzept und Idee: Tanja Skok, Sabine Stoffer<\/h6>\n<h6 style=\"text-align: center;\">Choreografie und Tanz: Tanja Skok<\/h6>\n<h6 style=\"text-align: center;\">Barockvioline: Sabine Stoffer<\/h6>\n<h6 style=\"text-align: center;\">(Foto: Marco Finsterwald)<\/h6>\n<p>&nbsp;<\/p>\n<p style=\"text-align: center;\">Johann Sebastian Bachs d moll Partita steht als unvergleichliches Werk in der Musikgeschichte. Brahms schreibt in einem Brief an Clara Schumann: \u201a Die Chaconne ist eines der unbegreiflichsten, wunderbarsten St\u00fccke. Auf ein System, f\u00fcr ein kleines Instrument schreibt der Mann eine ganze Welt von tiefsten Gedanken und gewaltigsten Empfindungen. Wollte ich mir vorstellen, ich h\u00e4tte das St\u00fcck machen, empfangen k\u00f6nnen, ich wei\u00df sicher, die \u00fcbergro\u00dfe Aufregung und Ersch\u00fctterung h\u00e4tte mich verr\u00fcckt gemacht.\u2019<\/p>\n<p style=\"text-align: center;\">Seit dem 14.Jahrhundert findet man Darstellungen des Totentanzes als Allegorie f\u00fcr die Verg\u00e4nglichkeit. Die slowenische T\u00e4nzerin Tanja Skok und die Barockgeigerin Sabine Stoffer binden Bachs d moll Partita in ein konzertf\u00fcllendes Programm unter dem Thema Danse macabre ein. Musik und Tanz werden zur Einheit und wiederspiegeln die Verg\u00e4nglichkeit des Seins und die Verl\u00e4sslichkeit des Scheins.<\/p>\n<p><\/p>","protected":false},"excerpt":{"rendered":"<p>Ensemble Libro I Sabine Stoffer, Barockvioline &amp; Alex McCartney, Theorbe www.libroprimo.com (Foto: Alex McCartney) &nbsp; &#8218;They revel in the violin\u2019s power to simulate the human voice, a power that Stoffer raises to ecstatic heights. In slow movements, she leans lightly &hellip; <a href=\"https:\/\/sabine.stoffer.ch\/wordpress\/?page_id=382\">Weiterlesen <span class=\"meta-nav\">&rarr;<\/span><\/a><\/p>\n","protected":false},"author":1,"featured_media":0,"parent":0,"menu_order":6,"comment_status":"closed","ping_status":"closed","template":"sidebar-page.php","meta":{"footnotes":""},"class_list":["post-382","page","type-page","status-publish","hentry"],"_links":{"self":[{"href":"https:\/\/sabine.stoffer.ch\/wordpress\/index.php?rest_route=\/wp\/v2\/pages\/382","targetHints":{"allow":["GET"]}}],"collection":[{"href":"https:\/\/sabine.stoffer.ch\/wordpress\/index.php?rest_route=\/wp\/v2\/pages"}],"about":[{"href":"https:\/\/sabine.stoffer.ch\/wordpress\/index.php?rest_route=\/wp\/v2\/types\/page"}],"author":[{"embeddable":true,"href":"https:\/\/sabine.stoffer.ch\/wordpress\/index.php?rest_route=\/wp\/v2\/users\/1"}],"replies":[{"embeddable":true,"href":"https:\/\/sabine.stoffer.ch\/wordpress\/index.php?rest_route=%2Fwp%2Fv2%2Fcomments&post=382"}],"version-history":[{"count":32,"href":"https:\/\/sabine.stoffer.ch\/wordpress\/index.php?rest_route=\/wp\/v2\/pages\/382\/revisions"}],"predecessor-version":[{"id":858,"href":"https:\/\/sabine.stoffer.ch\/wordpress\/index.php?rest_route=\/wp\/v2\/pages\/382\/revisions\/858"}],"wp:attachment":[{"href":"https:\/\/sabine.stoffer.ch\/wordpress\/index.php?rest_route=%2Fwp%2Fv2%2Fmedia&parent=382"}],"curies":[{"name":"wp","href":"https:\/\/api.w.org\/{rel}","templated":true}]}}