{"id":616,"date":"2018-02-14T10:38:52","date_gmt":"2018-02-14T10:38:52","guid":{"rendered":"http:\/\/sabine.stoffer.ch\/wordpress\/?page_id=616"},"modified":"2026-04-17T17:38:15","modified_gmt":"2026-04-17T17:38:15","slug":"unterricht","status":"publish","type":"page","link":"https:\/\/sabine.stoffer.ch\/wordpress\/?page_id=616","title":{"rendered":"Unterricht"},"content":{"rendered":"<p><\/p>\n<p style=\"text-align: left;\">Es freut mich, seit Februar 2018 als <strong>Lehrperson f\u00fcr Barockvioline an der Musikschule Konsi Bern<\/strong> angestellt zu sein. Das Angebot richtet sich an alle Niveaus.<\/p>\n<p style=\"text-align: left;\">Gerne k\u00f6nnen Sie sich dazu weiter auf der <a href=\"http:\/\/www.konsibern.ch\/angebot\/alte-musik\/\" target=\"_blank\" rel=\"noopener noreferrer\">Webseite der Musikschule<\/a> informieren oder sich direkt mit mir oder dem Sekretariat (<a href=\"mailto:&#x6f;&#x66;&#x66;&#x69;&#x63;&#x65;&#x40;&#x6b;&#x6f;&#x6e;&#x73;&#x69;&#x62;&#x65;&#x72;&#x6e;&#x2e;&#x63;&#x68;\">&#x6f;&#x66;&#x66;&#x69;&#x63;&#x65;&#x40;<span class=\"oe_displaynone\">null<\/span>&#x6b;&#x6f;&#x6e;&#x73;&#x69;&#x62;&#x65;&#x72;&#x6e;&#x2e;&#x63;&#x68;<\/a><span style=\"line-height: inherit;\">)\u00a0<\/span><span style=\"line-height: inherit;\">in Verbindung setzen. Wir suchen passende L\u00f6sungen f\u00fcr alle.<\/span><\/p>\n<h1 class=\"title\">Orchesterkurs auf historischen Instrumenten &#8211; Das Spiel auf historischen Streichinstrumenten in Theorie und Praxis<\/h1>\n<p>Das Abschlusskonzert dieses von Bernhard Maurer und Sabine Stoffer geleiteten Orchesterkurses findet an folgendem Datum statt: Sonntag, 07.06.2026,11.00 Uhr, Grosser Saal, Musikschule Konservatorium Bern<\/p>\n<p><strong>L&#8217;Acad\u00e9mie des Passions<\/strong><\/p>\n<p>2026 findet die \u00abAcad\u00e9mie des Passions\u00bb vom\u00a0<strong>17. bis 22. August<\/strong>\u00a0statt. Anmelden k\u00f6nnen Sie sich \u00fcber untenstehende Links:<\/p>\n<p><a class=\"url blank\" href=\"https:\/\/442hz.com\/de\/ensembles\/lespassions\/academy\/applications\/show\/627\" target=\"_blank\" rel=\"noopener\">Anmeldung Einzelperson<\/a><br \/>\n<a class=\"url blank\" href=\"https:\/\/442hz.com\/de\/ensembles\/lespassions\/academy\/applications\/show\/628\" target=\"_blank\" rel=\"noopener\">Anmeldung Ensemble<\/a><\/p>\n<p><strong>Anmeldeschluss<\/strong>\u00a0ist der\u00a0<strong>03. Mai 2026<\/strong>. Teilnehmerzahl beschr\u00e4nkt, eine definitive Zusage kann erst nach Anmeldeschluss erfolgen.<\/p>\n<p>Die Akademie in Historisch Informierter Auff\u00fchrungspraxis mit Dozent:innen aus dem Orchester richtet sich an Instrumentalist:innen: J\u00fcngere, \u00e4ltere und zeitlose Amateur:innen, Studierende und Profis.<\/p>\n<p>Barockinstrumente erw\u00fcnscht, Spieler:innen auf modernem Instrumentarium sind auch herzlich willkommen. Ohne Ber\u00fchrungs\u00e4ngste tauchen wir Seite an Seite in auff\u00fchrungspraktische Fragen ein, sei es im Einzelunterricht, in Kammermusiklektionen (f\u00fcr bestehende Gruppen) oder auch bei unserer Orchesterakademie (obligatorisch f\u00fcr alle Kursteilnehmer:innen).<\/p>\n<p><strong>Zeitraum der Acad\u00e9mie:<\/strong><br \/>\n17.08. &#8211; 22.08.2026<\/p>\n<p><strong>Begleitprogramm<\/strong><strong>:\u00a0<\/strong><br \/>\nSa\u00a0\u00b7\u00a015.08.2026\u00a0\u00b7 17.00 Uhr<br \/>\n<a class=\"intern blank\" href=\"https:\/\/www.lespassions.ch\/concerts\/agenda\/pastorella\" target=\"_blank\" rel=\"noopener\">Dozierendenkonzert<\/a>, Orangerie Elfenau Bern<\/p>\n<p>Fr \u00b7\u00a021.08.2026 \u00b7 19.30 Uhr<br \/>\n<a class=\"intern blank\" href=\"https:\/\/www.lespassions.ch\/concerts\/agenda\/teilnehmerinnenkonzert-der-academie\" target=\"_blank\" rel=\"noopener\">Teilnehmer:innenkonzert<\/a>,\u00a0Zunftsaal\u00a0zur Schneidern Bern<\/p>\n<p>Sa\u00a0\u00b7\u00a022.08.2026 \u00b7 17.00 Uhr<br \/>\n<a class=\"intern blank\" href=\"https:\/\/www.lespassions.ch\/concerts\/agenda\/abschlusskonzert-des-akademieorchesters-2\" target=\"_blank\" rel=\"noopener\">Abschlusskonzert des Akademieorchesters<\/a>, Musikschule Konservatorium Bern<\/p>","protected":false},"excerpt":{"rendered":"<p>Es freut mich, seit Februar 2018 als Lehrperson f\u00fcr Barockvioline an der Musikschule Konsi Bern angestellt zu sein. Das Angebot richtet sich an alle Niveaus. Gerne k\u00f6nnen Sie sich dazu weiter auf der Webseite der Musikschule informieren oder sich direkt &hellip; <a href=\"https:\/\/sabine.stoffer.ch\/wordpress\/?page_id=616\">Weiterlesen <span class=\"meta-nav\">&rarr;<\/span><\/a><\/p>\n","protected":false},"author":1,"featured_media":0,"parent":0,"menu_order":3,"comment_status":"closed","ping_status":"closed","template":"sidebar-page.php","meta":{"footnotes":""},"class_list":["post-616","page","type-page","status-publish","hentry"],"_links":{"self":[{"href":"https:\/\/sabine.stoffer.ch\/wordpress\/index.php?rest_route=\/wp\/v2\/pages\/616","targetHints":{"allow":["GET"]}}],"collection":[{"href":"https:\/\/sabine.stoffer.ch\/wordpress\/index.php?rest_route=\/wp\/v2\/pages"}],"about":[{"href":"https:\/\/sabine.stoffer.ch\/wordpress\/index.php?rest_route=\/wp\/v2\/types\/page"}],"author":[{"embeddable":true,"href":"https:\/\/sabine.stoffer.ch\/wordpress\/index.php?rest_route=\/wp\/v2\/users\/1"}],"replies":[{"embeddable":true,"href":"https:\/\/sabine.stoffer.ch\/wordpress\/index.php?rest_route=%2Fwp%2Fv2%2Fcomments&post=616"}],"version-history":[{"count":31,"href":"https:\/\/sabine.stoffer.ch\/wordpress\/index.php?rest_route=\/wp\/v2\/pages\/616\/revisions"}],"predecessor-version":[{"id":1176,"href":"https:\/\/sabine.stoffer.ch\/wordpress\/index.php?rest_route=\/wp\/v2\/pages\/616\/revisions\/1176"}],"wp:attachment":[{"href":"https:\/\/sabine.stoffer.ch\/wordpress\/index.php?rest_route=%2Fwp%2Fv2%2Fmedia&parent=616"}],"curies":[{"name":"wp","href":"https:\/\/api.w.org\/{rel}","templated":true}]}}