{"id":62,"date":"2011-09-21T18:51:57","date_gmt":"2011-09-21T18:51:57","guid":{"rendered":"http:\/\/sabine-stoffers-macbook.local\/~sstoffe\/wordpress\/?page_id=62"},"modified":"2026-04-17T17:16:31","modified_gmt":"2026-04-17T17:16:31","slug":"kapellenkonzerte","status":"publish","type":"page","link":"https:\/\/sabine.stoffer.ch\/wordpress\/?page_id=62","title":{"rendered":"Kapellenkonzerte"},"content":{"rendered":"<p><strong>Wir freuen uns, Ihnen die Kapellenkonzerte Saison 25\/26 ank\u00fcndigen zu k\u00f6nnen. Es finden wieder vier Konzerte in der Kirche Biglen an folgenden Daten statt:<\/strong><\/p>\n<div class=\"page\" title=\"Page 2\">\n<div class=\"section\">\n<div class=\"layoutArea\">\n<div class=\"column\">\n<div class=\"page\" title=\"Page 2\">\n<div class=\"section\">\n<div class=\"layoutArea\">\n<div class=\"column\">\n<h2><strong>Sonntag, 02. November 2025, 17h: Henry Purcell: Of Queens and Fairies, Love and Madness<\/strong><\/h2>\n<p>Julia Kirchner (Sopran),\u00a0Sabine Stoffer (Violine),\u00a0Rebeka Ruso (Viola da Gamba),\u00a0Elias Conrad (Theorbe), Thomas Leininger (Cembalo)<\/p>\n<h2><strong>Sonntag, 25. Januar 2026, 15h,<span class=\"Apple-converted-space\">\u00a0<\/span>Ensemble Otium<\/strong><\/h2>\n<p>Benjamin Narvey (Theorbe), Sabine Stoffer (Violine), \u00a0Pierre-Augustin Lay (Violoncello)<\/p>\n<p><strong>Sonntag, 12. April 2026, 17h, Mozart Fl\u00f6tenquartette<\/strong><\/p>\n<p>Anne Parisot (Fl\u00f6te), Sabine Stoffer (Violine), Javier L\u00f3pez Sanz (Viola), Pierre-Augustin Lay (Cello)<\/p>\n<p><strong>Sonntag, 24. Mai 2026, 18h30: Solorezital Rachel Podger<\/strong><\/p>\n<p>Rachel Podger (Violine)<\/p>\n\n\t\t<style type=\"text\/css\">\n\t\t\t#gallery-1 {\n\t\t\t\tmargin: auto;\n\t\t\t}\n\t\t\t#gallery-1 .gallery-item {\n\t\t\t\tfloat: left;\n\t\t\t\tmargin-top: 10px;\n\t\t\t\ttext-align: center;\n\t\t\t\twidth: 25%;\n\t\t\t}\n\t\t\t#gallery-1 img {\n\t\t\t\tborder: 2px solid #cfcfcf;\n\t\t\t}\n\t\t\t#gallery-1 .gallery-caption {\n\t\t\t\tmargin-left: 0;\n\t\t\t}\n\t\t\t\/* see gallery_shortcode() in wp-includes\/media.php *\/\n\t\t<\/style>\n\t\t<div id='gallery-1' class='gallery galleryid-62 gallery-columns-4 gallery-size-thumbnail'><dl class='gallery-item'>\n\t\t\t<dt class='gallery-icon portrait'>\n\t\t\t\t<a href='https:\/\/sabine.stoffer.ch\/wordpress\/?attachment_id=1125'><img loading=\"lazy\" decoding=\"async\" width=\"708\" height=\"1000\" src=\"https:\/\/sabine.stoffer.ch\/wordpress\/wp-content\/uploads\/2026\/01\/kapkon25261f-708x1000.jpg\" class=\"attachment-thumbnail size-thumbnail\" alt=\"\" srcset=\"https:\/\/sabine.stoffer.ch\/wordpress\/wp-content\/uploads\/2026\/01\/kapkon25261f-708x1000.jpg 708w, https:\/\/sabine.stoffer.ch\/wordpress\/wp-content\/uploads\/2026\/01\/kapkon25261f-212x300.jpg 212w, https:\/\/sabine.stoffer.ch\/wordpress\/wp-content\/uploads\/2026\/01\/kapkon25261f-725x1024.jpg 725w, https:\/\/sabine.stoffer.ch\/wordpress\/wp-content\/uploads\/2026\/01\/kapkon25261f-768x1085.jpg 768w, https:\/\/sabine.stoffer.ch\/wordpress\/wp-content\/uploads\/2026\/01\/kapkon25261f-1088x1536.jpg 1088w, https:\/\/sabine.stoffer.ch\/wordpress\/wp-content\/uploads\/2026\/01\/kapkon25261f-1450x2048.jpg 1450w, https:\/\/sabine.stoffer.ch\/wordpress\/wp-content\/uploads\/2026\/01\/kapkon25261f.jpg 1773w\" sizes=\"auto, (max-width: 708px) 100vw, 708px\" \/><\/a>\n\t\t\t<\/dt><\/dl><dl class='gallery-item'>\n\t\t\t<dt class='gallery-icon portrait'>\n\t\t\t\t<a href='https:\/\/sabine.stoffer.ch\/wordpress\/?attachment_id=1124'><img loading=\"lazy\" decoding=\"async\" width=\"708\" height=\"1000\" src=\"https:\/\/sabine.stoffer.ch\/wordpress\/wp-content\/uploads\/2026\/01\/bigl125f-708x1000.jpg\" class=\"attachment-thumbnail size-thumbnail\" alt=\"\" srcset=\"https:\/\/sabine.stoffer.ch\/wordpress\/wp-content\/uploads\/2026\/01\/bigl125f-708x1000.jpg 708w, https:\/\/sabine.stoffer.ch\/wordpress\/wp-content\/uploads\/2026\/01\/bigl125f-212x300.jpg 212w, https:\/\/sabine.stoffer.ch\/wordpress\/wp-content\/uploads\/2026\/01\/bigl125f-725x1024.jpg 725w, https:\/\/sabine.stoffer.ch\/wordpress\/wp-content\/uploads\/2026\/01\/bigl125f-768x1085.jpg 768w, https:\/\/sabine.stoffer.ch\/wordpress\/wp-content\/uploads\/2026\/01\/bigl125f-1088x1536.jpg 1088w, https:\/\/sabine.stoffer.ch\/wordpress\/wp-content\/uploads\/2026\/01\/bigl125f-1450x2048.jpg 1450w, https:\/\/sabine.stoffer.ch\/wordpress\/wp-content\/uploads\/2026\/01\/bigl125f.jpg 1773w\" sizes=\"auto, (max-width: 708px) 100vw, 708px\" \/><\/a>\n\t\t\t<\/dt><\/dl><dl class='gallery-item'>\n\t\t\t<dt class='gallery-icon portrait'>\n\t\t\t\t<a href='https:\/\/sabine.stoffer.ch\/wordpress\/?attachment_id=1147'><img loading=\"lazy\" decoding=\"async\" width=\"708\" height=\"1000\" src=\"https:\/\/sabine.stoffer.ch\/wordpress\/wp-content\/uploads\/2026\/04\/Kapp264f-708x1000.jpg\" class=\"attachment-thumbnail size-thumbnail\" alt=\"\" srcset=\"https:\/\/sabine.stoffer.ch\/wordpress\/wp-content\/uploads\/2026\/04\/Kapp264f-708x1000.jpg 708w, https:\/\/sabine.stoffer.ch\/wordpress\/wp-content\/uploads\/2026\/04\/Kapp264f-212x300.jpg 212w, https:\/\/sabine.stoffer.ch\/wordpress\/wp-content\/uploads\/2026\/04\/Kapp264f-725x1024.jpg 725w, https:\/\/sabine.stoffer.ch\/wordpress\/wp-content\/uploads\/2026\/04\/Kapp264f-768x1085.jpg 768w, https:\/\/sabine.stoffer.ch\/wordpress\/wp-content\/uploads\/2026\/04\/Kapp264f-1088x1536.jpg 1088w, https:\/\/sabine.stoffer.ch\/wordpress\/wp-content\/uploads\/2026\/04\/Kapp264f-1450x2048.jpg 1450w, https:\/\/sabine.stoffer.ch\/wordpress\/wp-content\/uploads\/2026\/04\/Kapp264f.jpg 1773w\" sizes=\"auto, (max-width: 708px) 100vw, 708px\" \/><\/a>\n\t\t\t<\/dt><\/dl><dl class='gallery-item'>\n\t\t\t<dt class='gallery-icon portrait'>\n\t\t\t\t<a href='https:\/\/sabine.stoffer.ch\/wordpress\/?attachment_id=1148'><img loading=\"lazy\" decoding=\"async\" width=\"708\" height=\"1000\" src=\"https:\/\/sabine.stoffer.ch\/wordpress\/wp-content\/uploads\/2026\/04\/kappod1-708x1000.jpg\" class=\"attachment-thumbnail size-thumbnail\" alt=\"\" srcset=\"https:\/\/sabine.stoffer.ch\/wordpress\/wp-content\/uploads\/2026\/04\/kappod1-708x1000.jpg 708w, https:\/\/sabine.stoffer.ch\/wordpress\/wp-content\/uploads\/2026\/04\/kappod1-212x300.jpg 212w, https:\/\/sabine.stoffer.ch\/wordpress\/wp-content\/uploads\/2026\/04\/kappod1-725x1024.jpg 725w, https:\/\/sabine.stoffer.ch\/wordpress\/wp-content\/uploads\/2026\/04\/kappod1-768x1085.jpg 768w, https:\/\/sabine.stoffer.ch\/wordpress\/wp-content\/uploads\/2026\/04\/kappod1-1088x1536.jpg 1088w, https:\/\/sabine.stoffer.ch\/wordpress\/wp-content\/uploads\/2026\/04\/kappod1-1450x2048.jpg 1450w, https:\/\/sabine.stoffer.ch\/wordpress\/wp-content\/uploads\/2026\/04\/kappod1.jpg 1773w\" sizes=\"auto, (max-width: 708px) 100vw, 708px\" \/><\/a>\n\t\t\t<\/dt><\/dl><br style=\"clear: both\" \/>\n\t\t<\/div>\n\n<hr \/>\n<p>Plakate der Saison 24\/25:<\/p>\n<\/div>\n<\/div>\n<\/div>\n<\/div>\n<\/div>\n<\/div>\n<\/div>\n<\/div>\n<div class=\"page\" title=\"Page 2\">\n<div class=\"section\">\n<div class=\"layoutArea\">\n<div class=\"column\">\n<div class=\"page\" title=\"Page 2\">\n<div class=\"section\">\n<div class=\"layoutArea\">\n<div class=\"column\">\n\n\t\t<style type=\"text\/css\">\n\t\t\t#gallery-2 {\n\t\t\t\tmargin: auto;\n\t\t\t}\n\t\t\t#gallery-2 .gallery-item {\n\t\t\t\tfloat: left;\n\t\t\t\tmargin-top: 10px;\n\t\t\t\ttext-align: center;\n\t\t\t\twidth: 25%;\n\t\t\t}\n\t\t\t#gallery-2 img {\n\t\t\t\tborder: 2px solid #cfcfcf;\n\t\t\t}\n\t\t\t#gallery-2 .gallery-caption {\n\t\t\t\tmargin-left: 0;\n\t\t\t}\n\t\t\t\/* see gallery_shortcode() in wp-includes\/media.php *\/\n\t\t<\/style>\n\t\t<div id='gallery-2' class='gallery galleryid-62 gallery-columns-4 gallery-size-thumbnail'><dl class='gallery-item'>\n\t\t\t<dt class='gallery-icon portrait'>\n\t\t\t\t<a href='https:\/\/sabine.stoffer.ch\/wordpress\/?attachment_id=1052'><img loading=\"lazy\" decoding=\"async\" width=\"708\" height=\"1000\" src=\"https:\/\/sabine.stoffer.ch\/wordpress\/wp-content\/uploads\/2024\/10\/KK24_25-1-708x1000.jpg\" class=\"attachment-thumbnail size-thumbnail\" alt=\"\" srcset=\"https:\/\/sabine.stoffer.ch\/wordpress\/wp-content\/uploads\/2024\/10\/KK24_25-1-708x1000.jpg 708w, https:\/\/sabine.stoffer.ch\/wordpress\/wp-content\/uploads\/2024\/10\/KK24_25-1-212x300.jpg 212w, https:\/\/sabine.stoffer.ch\/wordpress\/wp-content\/uploads\/2024\/10\/KK24_25-1-725x1024.jpg 725w, https:\/\/sabine.stoffer.ch\/wordpress\/wp-content\/uploads\/2024\/10\/KK24_25-1-768x1085.jpg 768w, https:\/\/sabine.stoffer.ch\/wordpress\/wp-content\/uploads\/2024\/10\/KK24_25-1-1088x1536.jpg 1088w, https:\/\/sabine.stoffer.ch\/wordpress\/wp-content\/uploads\/2024\/10\/KK24_25-1-1450x2048.jpg 1450w, https:\/\/sabine.stoffer.ch\/wordpress\/wp-content\/uploads\/2024\/10\/KK24_25-1.jpg 1773w\" sizes=\"auto, (max-width: 708px) 100vw, 708px\" \/><\/a>\n\t\t\t<\/dt><\/dl><dl class='gallery-item'>\n\t\t\t<dt class='gallery-icon portrait'>\n\t\t\t\t<a href='https:\/\/sabine.stoffer.ch\/wordpress\/?attachment_id=1086'><img loading=\"lazy\" decoding=\"async\" width=\"708\" height=\"1000\" src=\"https:\/\/sabine.stoffer.ch\/wordpress\/wp-content\/uploads\/2025\/02\/kapp25f-708x1000.jpg\" class=\"attachment-thumbnail size-thumbnail\" alt=\"\" srcset=\"https:\/\/sabine.stoffer.ch\/wordpress\/wp-content\/uploads\/2025\/02\/kapp25f-708x1000.jpg 708w, https:\/\/sabine.stoffer.ch\/wordpress\/wp-content\/uploads\/2025\/02\/kapp25f-212x300.jpg 212w, https:\/\/sabine.stoffer.ch\/wordpress\/wp-content\/uploads\/2025\/02\/kapp25f-725x1024.jpg 725w, https:\/\/sabine.stoffer.ch\/wordpress\/wp-content\/uploads\/2025\/02\/kapp25f-768x1085.jpg 768w, https:\/\/sabine.stoffer.ch\/wordpress\/wp-content\/uploads\/2025\/02\/kapp25f-1088x1536.jpg 1088w, https:\/\/sabine.stoffer.ch\/wordpress\/wp-content\/uploads\/2025\/02\/kapp25f-1450x2048.jpg 1450w, https:\/\/sabine.stoffer.ch\/wordpress\/wp-content\/uploads\/2025\/02\/kapp25f.jpg 1773w\" sizes=\"auto, (max-width: 708px) 100vw, 708px\" \/><\/a>\n\t\t\t<\/dt><\/dl><dl class='gallery-item'>\n\t\t\t<dt class='gallery-icon portrait'>\n\t\t\t\t<a href='https:\/\/sabine.stoffer.ch\/wordpress\/?attachment_id=1087'><img loading=\"lazy\" decoding=\"async\" width=\"708\" height=\"1000\" src=\"https:\/\/sabine.stoffer.ch\/wordpress\/wp-content\/uploads\/2025\/02\/Kapp253f-708x1000.jpg\" class=\"attachment-thumbnail size-thumbnail\" alt=\"\" srcset=\"https:\/\/sabine.stoffer.ch\/wordpress\/wp-content\/uploads\/2025\/02\/Kapp253f-708x1000.jpg 708w, https:\/\/sabine.stoffer.ch\/wordpress\/wp-content\/uploads\/2025\/02\/Kapp253f-212x300.jpg 212w, https:\/\/sabine.stoffer.ch\/wordpress\/wp-content\/uploads\/2025\/02\/Kapp253f-725x1024.jpg 725w, https:\/\/sabine.stoffer.ch\/wordpress\/wp-content\/uploads\/2025\/02\/Kapp253f-768x1085.jpg 768w, https:\/\/sabine.stoffer.ch\/wordpress\/wp-content\/uploads\/2025\/02\/Kapp253f-1088x1536.jpg 1088w, https:\/\/sabine.stoffer.ch\/wordpress\/wp-content\/uploads\/2025\/02\/Kapp253f-1450x2048.jpg 1450w, https:\/\/sabine.stoffer.ch\/wordpress\/wp-content\/uploads\/2025\/02\/Kapp253f.jpg 1773w\" sizes=\"auto, (max-width: 708px) 100vw, 708px\" \/><\/a>\n\t\t\t<\/dt><\/dl><dl class='gallery-item'>\n\t\t\t<dt class='gallery-icon portrait'>\n\t\t\t\t<a href='https:\/\/sabine.stoffer.ch\/wordpress\/?attachment_id=1126'><img loading=\"lazy\" decoding=\"async\" width=\"708\" height=\"1000\" src=\"https:\/\/sabine.stoffer.ch\/wordpress\/wp-content\/uploads\/2026\/01\/kapp4f-708x1000.jpg\" class=\"attachment-thumbnail size-thumbnail\" alt=\"\" srcset=\"https:\/\/sabine.stoffer.ch\/wordpress\/wp-content\/uploads\/2026\/01\/kapp4f-708x1000.jpg 708w, https:\/\/sabine.stoffer.ch\/wordpress\/wp-content\/uploads\/2026\/01\/kapp4f-212x300.jpg 212w, https:\/\/sabine.stoffer.ch\/wordpress\/wp-content\/uploads\/2026\/01\/kapp4f-725x1024.jpg 725w, https:\/\/sabine.stoffer.ch\/wordpress\/wp-content\/uploads\/2026\/01\/kapp4f-768x1085.jpg 768w, https:\/\/sabine.stoffer.ch\/wordpress\/wp-content\/uploads\/2026\/01\/kapp4f-1088x1536.jpg 1088w, https:\/\/sabine.stoffer.ch\/wordpress\/wp-content\/uploads\/2026\/01\/kapp4f-1450x2048.jpg 1450w, https:\/\/sabine.stoffer.ch\/wordpress\/wp-content\/uploads\/2026\/01\/kapp4f.jpg 1773w\" sizes=\"auto, (max-width: 708px) 100vw, 708px\" \/><\/a>\n\t\t\t<\/dt><\/dl><br style=\"clear: both\" \/>\n\t\t<\/div>\n\n<\/div>\n<\/div>\n<\/div>\n<\/div>\n<\/div>\n<\/div>\n<\/div>\n<\/div>\n<hr \/>\n<p>Plakate der Saison 23\/24:<\/p>\n\n\t\t<style type=\"text\/css\">\n\t\t\t#gallery-3 {\n\t\t\t\tmargin: auto;\n\t\t\t}\n\t\t\t#gallery-3 .gallery-item {\n\t\t\t\tfloat: left;\n\t\t\t\tmargin-top: 10px;\n\t\t\t\ttext-align: center;\n\t\t\t\twidth: 33%;\n\t\t\t}\n\t\t\t#gallery-3 img {\n\t\t\t\tborder: 2px solid #cfcfcf;\n\t\t\t}\n\t\t\t#gallery-3 .gallery-caption {\n\t\t\t\tmargin-left: 0;\n\t\t\t}\n\t\t\t\/* see gallery_shortcode() in wp-includes\/media.php *\/\n\t\t<\/style>\n\t\t<div id='gallery-3' class='gallery galleryid-62 gallery-columns-3 gallery-size-full'><dl class='gallery-item'>\n\t\t\t<dt class='gallery-icon portrait'>\n\t\t\t\t<a href='https:\/\/sabine.stoffer.ch\/wordpress\/?attachment_id=960'><img loading=\"lazy\" decoding=\"async\" width=\"1773\" height=\"2504\" src=\"https:\/\/sabine.stoffer.ch\/wordpress\/wp-content\/uploads\/2024\/03\/kapko243v.jpg\" class=\"attachment-full size-full\" alt=\"\" srcset=\"https:\/\/sabine.stoffer.ch\/wordpress\/wp-content\/uploads\/2024\/03\/kapko243v.jpg 1773w, https:\/\/sabine.stoffer.ch\/wordpress\/wp-content\/uploads\/2024\/03\/kapko243v-212x300.jpg 212w, https:\/\/sabine.stoffer.ch\/wordpress\/wp-content\/uploads\/2024\/03\/kapko243v-725x1024.jpg 725w, https:\/\/sabine.stoffer.ch\/wordpress\/wp-content\/uploads\/2024\/03\/kapko243v-768x1085.jpg 768w, https:\/\/sabine.stoffer.ch\/wordpress\/wp-content\/uploads\/2024\/03\/kapko243v-1088x1536.jpg 1088w, https:\/\/sabine.stoffer.ch\/wordpress\/wp-content\/uploads\/2024\/03\/kapko243v-1450x2048.jpg 1450w\" sizes=\"auto, (max-width: 1773px) 100vw, 1773px\" \/><\/a>\n\t\t\t<\/dt><\/dl><dl class='gallery-item'>\n\t\t\t<dt class='gallery-icon portrait'>\n\t\t\t\t<a href='https:\/\/sabine.stoffer.ch\/wordpress\/?attachment_id=956'><img loading=\"lazy\" decoding=\"async\" width=\"1772\" height=\"2504\" src=\"https:\/\/sabine.stoffer.ch\/wordpress\/wp-content\/uploads\/2024\/01\/0001.jpg\" class=\"attachment-full size-full\" alt=\"\" srcset=\"https:\/\/sabine.stoffer.ch\/wordpress\/wp-content\/uploads\/2024\/01\/0001.jpg 1772w, https:\/\/sabine.stoffer.ch\/wordpress\/wp-content\/uploads\/2024\/01\/0001-212x300.jpg 212w, https:\/\/sabine.stoffer.ch\/wordpress\/wp-content\/uploads\/2024\/01\/0001-725x1024.jpg 725w, https:\/\/sabine.stoffer.ch\/wordpress\/wp-content\/uploads\/2024\/01\/0001-768x1085.jpg 768w, https:\/\/sabine.stoffer.ch\/wordpress\/wp-content\/uploads\/2024\/01\/0001-1087x1536.jpg 1087w, https:\/\/sabine.stoffer.ch\/wordpress\/wp-content\/uploads\/2024\/01\/0001-1449x2048.jpg 1449w\" sizes=\"auto, (max-width: 1772px) 100vw, 1772px\" \/><\/a>\n\t\t\t<\/dt><\/dl><dl class='gallery-item'>\n\t\t\t<dt class='gallery-icon portrait'>\n\t\t\t\t<a href='https:\/\/sabine.stoffer.ch\/wordpress\/?attachment_id=949'><img loading=\"lazy\" decoding=\"async\" width=\"1772\" height=\"2504\" src=\"https:\/\/sabine.stoffer.ch\/wordpress\/wp-content\/uploads\/2023\/10\/kap.jpg\" class=\"attachment-full size-full\" alt=\"\" srcset=\"https:\/\/sabine.stoffer.ch\/wordpress\/wp-content\/uploads\/2023\/10\/kap.jpg 1772w, https:\/\/sabine.stoffer.ch\/wordpress\/wp-content\/uploads\/2023\/10\/kap-212x300.jpg 212w, https:\/\/sabine.stoffer.ch\/wordpress\/wp-content\/uploads\/2023\/10\/kap-725x1024.jpg 725w, https:\/\/sabine.stoffer.ch\/wordpress\/wp-content\/uploads\/2023\/10\/kap-768x1085.jpg 768w, https:\/\/sabine.stoffer.ch\/wordpress\/wp-content\/uploads\/2023\/10\/kap-1087x1536.jpg 1087w, https:\/\/sabine.stoffer.ch\/wordpress\/wp-content\/uploads\/2023\/10\/kap-1449x2048.jpg 1449w\" sizes=\"auto, (max-width: 1772px) 100vw, 1772px\" \/><\/a>\n\t\t\t<\/dt><\/dl><br style=\"clear: both\" \/>\n\t\t<\/div>\n\n<h6 style=\"text-align: left;\"><strong><span style=\"text-align: justify;\">Die Kapellenkonzerte existieren seit 2007.<\/span><\/strong><\/h6>\n<p style=\"text-align: left;\">Das Festival soll den Kulturstandort Biglen bereichern und der Region ein kleines, aber feines Kammermusikfestival bescheren, welches mit seiner Qualit\u00e4t auch \u00fcberregionale Ausstrahlung besitzt. Besonders aufgrund der guten Akustik bietet die Kirche den idealen Rahmen f\u00fcr eine Kammermusikreihe. Mit einem vielf\u00e4ltigen Programm sprechen wir ein breites Publikum an. Die Kosten werden durch Sponsoring und aus der Kollekte gedeckt.<\/p>\n<p style=\"text-align: justify;\">In unserem Festival steht die pure Freude an der Kammermusik im Vordergrund. Das Musizieren wird auf diese Weise zur intimen Geste und das Publikum kann in famili\u00e4rer Atmosph\u00e4re das Entstehen bekannter und noch zu entdeckender Werke nachvollziehen.<\/p>\n<p style=\"text-align: justify;\">Informieren Sie sich auf <a href=\"http:\/\/www.kulturkapelle.ch\" target=\"_blank\" rel=\"noopener noreferrer\">www.kulturkapelle.ch<\/a> \u00fcber Aktualit\u00e4ten.<\/p>\n<p><\/p>","protected":false},"excerpt":{"rendered":"<p>Wir freuen uns, Ihnen die Kapellenkonzerte Saison 25\/26 ank\u00fcndigen zu k\u00f6nnen. Es finden wieder vier Konzerte in der Kirche Biglen an folgenden Daten statt: Sonntag, 02. November 2025, 17h: Henry Purcell: Of Queens and Fairies, Love and Madness Julia Kirchner &hellip; <a href=\"https:\/\/sabine.stoffer.ch\/wordpress\/?page_id=62\">Weiterlesen <span class=\"meta-nav\">&rarr;<\/span><\/a><\/p>\n","protected":false},"author":1,"featured_media":90,"parent":0,"menu_order":5,"comment_status":"closed","ping_status":"closed","template":"sidebar-page.php","meta":{"footnotes":""},"class_list":["post-62","page","type-page","status-publish","has-post-thumbnail","hentry"],"_links":{"self":[{"href":"https:\/\/sabine.stoffer.ch\/wordpress\/index.php?rest_route=\/wp\/v2\/pages\/62","targetHints":{"allow":["GET"]}}],"collection":[{"href":"https:\/\/sabine.stoffer.ch\/wordpress\/index.php?rest_route=\/wp\/v2\/pages"}],"about":[{"href":"https:\/\/sabine.stoffer.ch\/wordpress\/index.php?rest_route=\/wp\/v2\/types\/page"}],"author":[{"embeddable":true,"href":"https:\/\/sabine.stoffer.ch\/wordpress\/index.php?rest_route=\/wp\/v2\/users\/1"}],"replies":[{"embeddable":true,"href":"https:\/\/sabine.stoffer.ch\/wordpress\/index.php?rest_route=%2Fwp%2Fv2%2Fcomments&post=62"}],"version-history":[{"count":120,"href":"https:\/\/sabine.stoffer.ch\/wordpress\/index.php?rest_route=\/wp\/v2\/pages\/62\/revisions"}],"predecessor-version":[{"id":1170,"href":"https:\/\/sabine.stoffer.ch\/wordpress\/index.php?rest_route=\/wp\/v2\/pages\/62\/revisions\/1170"}],"wp:featuredmedia":[{"embeddable":true,"href":"https:\/\/sabine.stoffer.ch\/wordpress\/index.php?rest_route=\/wp\/v2\/media\/90"}],"wp:attachment":[{"href":"https:\/\/sabine.stoffer.ch\/wordpress\/index.php?rest_route=%2Fwp%2Fv2%2Fmedia&parent=62"}],"curies":[{"name":"wp","href":"https:\/\/api.w.org\/{rel}","templated":true}]}}