{"id":49,"date":"2011-09-21T18:40:09","date_gmt":"2011-09-21T18:40:09","guid":{"rendered":"http:\/\/sabine-stoffers-macbook.local\/~sstoffe\/wordpress\/?page_id=49"},"modified":"2026-04-19T14:51:11","modified_gmt":"2026-04-19T14:51:11","slug":"vita","status":"publish","type":"page","link":"https:\/\/sabine.stoffer.ch\/wordpress\/vita\/","title":{"rendered":"Vita"},"content":{"rendered":"<p>Sabine Stoffer ist freischaffend als historisch informierte Geigerin im In- und Ausland t\u00e4tig. Ob in kleineren Formationen oder gr\u00f6sseren Orchestern, Sabine pflegt und sch\u00e4tzt immer den kammermusikalischen Aspekt.<\/p>\n<p>Seit 2025 ist sie als Konzertmeisterin mit dem franz\u00f6sischen Ensemble Il Caravaggio (Leitung Camille Delaforge) verbunden. Sie ist die Geigerin des Ensembles Meridiana, spielt in Rachel Podgers Ensemble Brecon Baroque (UK) und ist bei Les Passions de l\u2019Ame (CH) als Stimmf\u00fchrung t\u00e4tig. Mit dem Ensemble Otium, welches sie zusammen mit dem Barockcellisten Pierre-Augustin Lay organisiert, l\u00e4dt sie hoch gesch\u00e4tzte Kolleg:innen f\u00fcr Kammermusikprojekte ein. Als Gastkonzertmeisterin wird sie zu Orchestern wie Ensemble Cordia (IT), Cantus Firmus (CH), Ensemble Evolutio (CH) eingeladen und sie musiziert mit Ensembles wie Il Gusto Barocco (J\u00f6rg Halubek), dem Freiburger Barockorchester (D), Capricornus Consort Basel (CH) oder Theatrum Affectuum (Andreas B\u00f6hlen).<\/p>\n<p>Zahlreiche Aufnahmen bei Labels wie Alpha Classics, Sony, Channel Classics, Harmonia Mundi, Apart\u00e9 u.a. dokumentierten ihr Schaffen. So hat sie zum Beispiel zusammen mit Rachel Podger als Solistin &#8218;L&#8217;Estro Armonico&#8216; aufgenommen, als Konzertmeisterin ist sie mit &#8218;Le Concert de la Loge&#8216; (Julien Chauvin) zu h\u00f6ren und ihr Duo Libro I mit dem Lautenisten Alex McCartney wurde f\u00fcr die CD &#8218;Fantasia Incantata&#8216; hoch gelobt, unter anderem in einem Artikel in The New Yorker.<\/p>\n<p>Nebst ihrer intensiven Konzertt\u00e4tigkeit ist Sabine auch als engagierte P\u00e4dagogin und Organisatorin anzutreffen. Seit Februar 2018 unterrichtet sie Barockvioline an der Musikschule Konservatorium Bern. In Orchesterkursen und Weiterbildungen legt sie ihren Schwerpunkt gerne auf die Themen Verzierungen und Rhetorik. Sie ist seit 2007 die Organisatorin der Kammermusikreihe Kapellenkonzerte in Biglen (CH).<\/p>\n<p>Sie ist Preistr\u00e4gerin der Kiefer Hablitzel Stiftung (2008), der Marianne und Curt Dienemann \u2013 Stiftung (2008) und Gewinnerin des Steinitz Bach Prize 2009 sowie des Nachwuchswettbewerbs \u201aG\u00f6ttinger Reihe Historischer Musik\u2019 2010\/11 der H\u00e4ndel \u2013 Gesellschaft G\u00f6ttingen (mit Meridiana). 2011 wurde ihr der Nachwuchsf\u00f6rderpreis \u201eCoup de Coeur\u201c des Kantons Bern verliehen. 2018 wurde ihr vom Royal Welsh College of Music and Drama der Titel Honorary Associate (ARWCMD) verliehen.<\/p>\n<p>Sie spielt auf Instrumenten des franz\u00f6sischen Geigenbauers Patrick Robin.Sabine Stoffer ist freischaffend als historisch informierte Geigerin im In- und Ausland t\u00e4tig. Ob in kleineren Formationen oder gr\u00f6sseren Orchestern, Sabine pflegt und sch\u00e4tzt immer den kammermusikalischen Aspekt.<\/p>\n<p>Seit 2025 ist sie als Konzertmeisterin mit dem franz\u00f6sischen Ensemble Il Caravaggio (Leitung Camille Delaforge) verbunden. Sie ist die Geigerin des Ensembles Meridiana, spielt in Rachel Podgers Ensemble Brecon Baroque (UK) und ist bei Les Passions de l\u2019Ame (CH) als Stimmf\u00fchrung t\u00e4tig. Mit dem Ensemble Otium, welches sie zusammen mit dem Barockcellisten Pierre-Augustin Lay organisiert, l\u00e4dt sie hoch gesch\u00e4tzte Kolleg:innen f\u00fcr Kammermusikprojekte ein. Als Gastkonzertmeisterin wird sie zu Orchestern wie Ensemble Cordia (IT), Cantus Firmus (CH), Ensemble Evolutio (CH) eingeladen und sie musiziert mit Ensembles wie Il Gusto Barocco (J\u00f6rg Halubek), dem Freiburger Barockorchester (D), Capricornus Consort Basel (CH) oder Theatrum Affectuum (Andreas B\u00f6hlen).<\/p>\n<p>Zahlreiche Aufnahmen bei Labels wie Alpha Classics, Sony, Channel Classics, Harmonia Mundi, Apart\u00e9 u.a. dokumentierten ihr Schaffen. So hat sie zum Beispiel zusammen mit Rachel Podger als Solistin &#8218;L&#8217;Estro Armonico&#8216; aufgenommen, als Konzertmeisterin ist sie mit &#8218;Le Concert de la Loge&#8216; (Julien Chauvin) zu h\u00f6ren und ihr Duo Libro I mit dem Lautenisten Alex McCartney wurde f\u00fcr die CD &#8218;Fantasia Incantata&#8216; hoch gelobt, unter anderem in einem Artikel in The New Yorker.<\/p>\n<p>Nebst ihrer intensiven Konzertt\u00e4tigkeit ist Sabine auch als engagierte P\u00e4dagogin und Organisatorin anzutreffen. Seit Februar 2018 unterrichtet sie Barockvioline an der Musikschule Konservatorium Bern. In Orchesterkursen und Weiterbildungen legt sie ihren Schwerpunkt gerne auf die Themen Verzierungen und Rhetorik. Sie ist seit 2007 die Organisatorin der Kammermusikreihe Kapellenkonzerte in Biglen (CH).<\/p>\n<p>Sie ist Preistr\u00e4gerin der Kiefer Hablitzel Stiftung (2008), der Marianne und Curt Dienemann \u2013 Stiftung (2008) und Gewinnerin des Steinitz Bach Prize 2009 sowie des Nachwuchswettbewerbs \u201aG\u00f6ttinger Reihe Historischer Musik\u2019 2010\/11 der H\u00e4ndel \u2013 Gesellschaft G\u00f6ttingen (mit Meridiana). 2011 wurde ihr der Nachwuchsf\u00f6rderpreis \u201eCoup de Coeur\u201c des Kantons Bern verliehen. 2018 wurde ihr vom Royal Welsh College of Music and Drama der Titel Honorary Associate (ARWCMD) verliehen.<\/p>\n<p>Sie spielt auf Instrumenten des franz\u00f6sischen Geigenbauers Patrick Robin.<\/p>","protected":false},"excerpt":{"rendered":"<p>Sabine Stoffer ist freischaffend als historisch informierte Geigerin im In- und Ausland t\u00e4tig. Ob in kleineren Formationen oder gr\u00f6sseren Orchestern, Sabine pflegt und sch\u00e4tzt immer den kammermusikalischen Aspekt. Seit 2025 ist sie als Konzertmeisterin mit dem franz\u00f6sischen Ensemble Il Caravaggio &hellip; <a href=\"https:\/\/sabine.stoffer.ch\/wordpress\/vita\/\">Weiterlesen <span class=\"meta-nav\">&rarr;<\/span><\/a><\/p>\n","protected":false},"author":1,"featured_media":0,"parent":0,"menu_order":1,"comment_status":"closed","ping_status":"closed","template":"sidebar-page.php","meta":{"footnotes":""},"class_list":["post-49","page","type-page","status-publish","hentry"],"_links":{"self":[{"href":"https:\/\/sabine.stoffer.ch\/wordpress\/wp-json\/wp\/v2\/pages\/49","targetHints":{"allow":["GET"]}}],"collection":[{"href":"https:\/\/sabine.stoffer.ch\/wordpress\/wp-json\/wp\/v2\/pages"}],"about":[{"href":"https:\/\/sabine.stoffer.ch\/wordpress\/wp-json\/wp\/v2\/types\/page"}],"author":[{"embeddable":true,"href":"https:\/\/sabine.stoffer.ch\/wordpress\/wp-json\/wp\/v2\/users\/1"}],"replies":[{"embeddable":true,"href":"https:\/\/sabine.stoffer.ch\/wordpress\/wp-json\/wp\/v2\/comments?post=49"}],"version-history":[{"count":46,"href":"https:\/\/sabine.stoffer.ch\/wordpress\/wp-json\/wp\/v2\/pages\/49\/revisions"}],"predecessor-version":[{"id":1179,"href":"https:\/\/sabine.stoffer.ch\/wordpress\/wp-json\/wp\/v2\/pages\/49\/revisions\/1179"}],"wp:attachment":[{"href":"https:\/\/sabine.stoffer.ch\/wordpress\/wp-json\/wp\/v2\/media?parent=49"}],"curies":[{"name":"wp","href":"https:\/\/api.w.org\/{rel}","templated":true}]}}